{"id":658,"date":"2025-03-22T15:32:58","date_gmt":"2025-03-22T19:32:58","guid":{"rendered":"https:\/\/muralfestival.com\/privacy-policy\/"},"modified":"2025-03-31T22:47:17","modified_gmt":"2025-04-01T02:47:17","slug":"privacy-policy","status":"publish","type":"page","link":"https:\/\/muralfestival.com\/fr\/privacy-policy\/","title":{"rendered":"Privacy Policy"},"content":{"rendered":"\n<p><strong>Politique de confidentialit\u00e9 de MURAL<\/strong><br><em>Mise \u00e0 jour le 19 mars 2024 \u2013 Effective \u00e0 partir du 1er juillet 2021<\/em><\/p>\n\n\n\n<p>MURAL est soucieux d\u2019assurer la protection de l\u2019information transmise par le r\u00e9seau Internet ainsi que le respect de votre vie priv\u00e9e. Nous contr\u00f4lons donc rigoureusement la fa\u00e7on dont les renseignements personnels sont utilis\u00e9s et communiqu\u00e9s. La pr\u00e9sente D\u00e9claration de confidentialit\u00e9 \u00e9nonce la politique de protection des donn\u00e9es personnelles de MURAL. En utilisant le site www.muralfestival.com, vous acceptez de vous conformer aux pratiques d\u00e9crites dans cette D\u00e9claration de confidentialit\u00e9 et s\u00e9curit\u00e9.<\/p>\n\n\n\n<p>Afin d\u2019acc\u00e9der \u00e0 certaines parties du site Web, il est n\u00e9cessaire de s\u2019inscrire et de fournir des renseignements actuels et exacts. Il est important de mettre \u00e0 jour vos renseignements personnels d\u00e8s qu\u2019une modification survient. Ces renseignements nous permettent de cr\u00e9er votre compte, de maintenir la fonctionnalit\u00e9 de votre inscription, et de communiquer ou correspondre avec vous. Nous utilisons \u00e9galement vos informations pour des fins telles que le marketing\/promotion, la publicit\u00e9 cibl\u00e9e, et la gestion des commandes clients.<\/p>\n\n\n\n<h2 class=\"wp-block-heading\">Partage de vos informations:<\/h2>\n\n\n\n<p>Vos informations personnelles ne seront pas divulgu\u00e9es ou partag\u00e9es avec une autre entreprise sans votre consentement pr\u00e9alable, sauf dans des circonstances limit\u00e9es comme d\u00e9crit ci-dessous :<\/p>\n\n\n\n<ul class=\"wp-block-list\">\n<li>Services publicitaires<\/li>\n\n\n\n<li>Agences de marketing<\/li>\n\n\n\n<li>Analytique<\/li>\n\n\n\n<li>Collecte et traitement de donn\u00e9es<\/li>\n<\/ul>\n\n\n\n<p>Nous exigeons de ces tiers qu\u2019ils utilisent les informations personnelles transf\u00e9r\u00e9es uniquement pour le but pour lequel elles ont \u00e9t\u00e9 transf\u00e9r\u00e9es et de ne pas les conserver plus longtemps que n\u00e9cessaire pour ce but.<\/p>\n\n\n\n<p>Nous pouvons \u00e9galement divulguer vos informations personnelles dans les cas suivants : (1) pour se conformer \u00e0 la loi applicable, \u00e0 une r\u00e9glementation, une ordonnance judiciaire ou \u00e0 un autre processus l\u00e9gal ; (2) pour faire respecter vos accords avec nous, y compris cette Politique de confidentialit\u00e9 ; ou (3) pour r\u00e9pondre aux r\u00e9clamations selon lesquelles votre utilisation du Service viole les droits de tiers. Si le Service ou notre entreprise est fusionn\u00e9 ou acquis par une autre soci\u00e9t\u00e9, vos informations feront partie des actifs transf\u00e9r\u00e9s au nouveau propri\u00e9taire.<\/p>\n\n\n\n<h2 class=\"wp-block-heading\">Vos Droits:<\/h2>\n\n\n\n<p>Vous avez le droit, selon la loi applicable, d\u2019acc\u00e9der, de rectifier ou d\u2019effacer vos donn\u00e9es personnelles, de recevoir une copie de vos donn\u00e9es, de restreindre ou de vous opposer au traitement actif de vos donn\u00e9es, de nous demander de transf\u00e9rer (porter) vos informations personnelles \u00e0 une autre entit\u00e9, de retirer tout consentement que vous nous avez donn\u00e9 pour traiter vos donn\u00e9es, et d\u2019introduire une plainte aupr\u00e8s d\u2019une autorit\u00e9 statutaire. Pour exercer ces droits, vous pouvez nous \u00e9crire \u00e0 info@muralfestival.com.<\/p>\n\n\n\n<h2 class=\"wp-block-heading\">Cookies, etc.:<\/h2>\n\n\n\n<p>Pour en savoir plus sur la mani\u00e8re dont nous utilisons ces technologies et sur vos choix en relation avec ces technologies de suivi, veuillez vous r\u00e9f\u00e9rer \u00e0 notre&nbsp;<a href=\"https:\/\/muralfestival.com\/fr\/politique-de-gestion-des-cookies\/\">Politique relative aux cookies<\/a>.<\/p>\n\n\n\n<h2 class=\"wp-block-heading\">S\u00e9curit\u00e9:<\/h2>\n\n\n\n<p>La s\u00e9curit\u00e9 de vos informations est primordiale pour nous. Nous mettons en \u0153uvre des mesures de s\u00e9curit\u00e9 raisonnables pour pr\u00e9venir la perte, l\u2019utilisation abusive ou l\u2019alt\u00e9ration non autoris\u00e9e de vos informations sous notre contr\u00f4le. Cependant, aucun syst\u00e8me n\u2019est infaillible, et nous ne pouvons garantir une s\u00e9curit\u00e9 absolue de vos informations.<\/p>\n\n\n\n<h2 class=\"wp-block-heading\">Liens de Tiers &amp; Utilisation de Vos Informations:<\/h2>\n\n\n\n<p>Notre service peut contenir des liens vers d\u2019autres sites Web qui ne sont pas exploit\u00e9s par nous. Cette Politique de Confidentialit\u00e9 ne s\u2019applique pas \u00e0 ces tiers, et nous vous conseillons de lire leurs politiques de confidentialit\u00e9. Nous n\u2019avons aucun contr\u00f4le sur le contenu ou les pratiques de ces sites tiers.<\/p>\n\n\n\n<h2 class=\"wp-block-heading\">Responsable de la Protection des Donn\u00e9es \/ Officier de Plaintes:<\/h2>\n\n\n\n<p>Si vous avez des questions ou des pr\u00e9occupations concernant le traitement de vos informations en notre possession, vous pouvez contacter notre&nbsp;Responsable de la Protection des Donn\u00e9es&nbsp;\u00e0 Mural, 1100-4200 boul. Saint-Laurent, Montr\u00e9al (Qu\u00e9bec) H2W2R2 Canada, par email \u00e0&nbsp;<a href=\"mailto:info@muralfestival.com\">info@muralfestival.com<\/a>. Nous traiterons vos pr\u00e9occupations conform\u00e9ment \u00e0 la loi applicable.<\/p>\n\n\n\n<h2 class=\"wp-block-heading\">Modifications de la Politique de Confidentialit\u00e9:<\/h2>\n\n\n\n<p>Cette politique peut \u00eatre mise \u00e0 jour pour refl\u00e9ter les changements dans nos pratiques concernant les informations personnelles. Nous vous encourageons \u00e0 revoir p\u00e9riodiquement cette page pour les derni\u00e8res informations sur nos pratiques de confidentialit\u00e9.<\/p>\n\n\n\n<h2 class=\"wp-block-heading\">Pour Nous Contacter:<\/h2>\n\n\n\n<p>Pour toute question ou commentaire sur notre traitement de vos informations personnelles, ou si vous souhaitez acc\u00e9der, mettre \u00e0 jour ou corriger vos informations personnelles en notre possession, veuillez nous contacter \u00e0&nbsp;<a href=\"mailto:info@muralfestival.com\">info@muralfestival.com<\/a>.<\/p>\n","protected":false},"excerpt":{"rendered":"<p>Politique de confidentialit\u00e9 de MURALMise \u00e0 jour le 19 mars 2024 \u2013 Effective \u00e0 partir du 1er juillet 2021 MURAL est soucieux d\u2019assurer la protection de l\u2019information transmise par le r\u00e9seau Internet ainsi que le respect de votre vie priv\u00e9e. Nous contr\u00f4lons donc rigoureusement la fa\u00e7on dont les renseignements personnels sont utilis\u00e9s et communiqu\u00e9s. La [&hellip;]<\/p>\n","protected":false},"author":1,"featured_media":0,"parent":0,"menu_order":0,"comment_status":"closed","ping_status":"open","template":"","meta":{"_acf_changed":false,"footnotes":""},"class_list":["post-658","page","type-page","status-publish","hentry"],"acf":[],"yoast_head":"<!-- This site is optimized with the Yoast SEO plugin v24.7 - https:\/\/yoast.com\/wordpress\/plugins\/seo\/ -->\n<title>Privacy Policy - Muralfestival<\/title>\n<meta name=\"robots\" content=\"index, follow, max-snippet:-1, max-image-preview:large, max-video-preview:-1\" \/>\n<link rel=\"canonical\" href=\"https:\/\/muralfestival.com\/privacy-policy\/\" \/>\n<meta property=\"og:locale\" content=\"fr_CA\" \/>\n<meta property=\"og:type\" content=\"article\" \/>\n<meta property=\"og:title\" content=\"Privacy Policy - Muralfestival\" \/>\n<meta property=\"og:description\" content=\"Politique de confidentialit\u00e9 de MURALMise \u00e0 jour le 19 mars 2024 \u2013 Effective \u00e0 partir du 1er juillet 2021 MURAL est soucieux d\u2019assurer la protection de l\u2019information transmise par le r\u00e9seau Internet ainsi que le respect de votre vie priv\u00e9e. Nous contr\u00f4lons donc rigoureusement la fa\u00e7on dont les renseignements personnels sont utilis\u00e9s et communiqu\u00e9s. La [&hellip;]\" \/>\n<meta property=\"og:url\" content=\"https:\/\/muralfestival.com\/privacy-policy\/\" \/>\n<meta property=\"og:site_name\" content=\"Muralfestival\" \/>\n<meta property=\"article:modified_time\" content=\"2025-04-01T02:47:17+00:00\" \/>\n<meta name=\"twitter:card\" content=\"summary_large_image\" \/>\n<meta name=\"twitter:label1\" content=\"Estimation du temps de lecture\" \/>\n\t<meta name=\"twitter:data1\" content=\"4 minutes\" \/>\n<script type=\"application\/ld+json\" class=\"yoast-schema-graph\">{\"@context\":\"https:\/\/schema.org\",\"@graph\":[{\"@type\":\"WebPage\",\"@id\":\"https:\/\/muralfestival.com\/privacy-policy\/\",\"url\":\"https:\/\/muralfestival.com\/privacy-policy\/\",\"name\":\"Privacy Policy - Muralfestival\",\"isPartOf\":{\"@id\":\"https:\/\/muralfestival.com\/fr\/#website\"},\"datePublished\":\"2025-03-22T19:32:58+00:00\",\"dateModified\":\"2025-04-01T02:47:17+00:00\",\"breadcrumb\":{\"@id\":\"https:\/\/muralfestival.com\/privacy-policy\/#breadcrumb\"},\"inLanguage\":\"fr-CA\",\"potentialAction\":[{\"@type\":\"ReadAction\",\"target\":[\"https:\/\/muralfestival.com\/privacy-policy\/\"]}]},{\"@type\":\"BreadcrumbList\",\"@id\":\"https:\/\/muralfestival.com\/privacy-policy\/#breadcrumb\",\"itemListElement\":[{\"@type\":\"ListItem\",\"position\":1,\"name\":\"Home\",\"item\":\"https:\/\/muralfestival.com\/fr\/\"},{\"@type\":\"ListItem\",\"position\":2,\"name\":\"Privacy Policy\"}]},{\"@type\":\"WebSite\",\"@id\":\"https:\/\/muralfestival.com\/fr\/#website\",\"url\":\"https:\/\/muralfestival.com\/fr\/\",\"name\":\"Muralfestival\",\"description\":\"\",\"publisher\":{\"@id\":\"https:\/\/muralfestival.com\/fr\/#organization\"},\"potentialAction\":[{\"@type\":\"SearchAction\",\"target\":{\"@type\":\"EntryPoint\",\"urlTemplate\":\"https:\/\/muralfestival.com\/fr\/?s={search_term_string}\"},\"query-input\":{\"@type\":\"PropertyValueSpecification\",\"valueRequired\":true,\"valueName\":\"search_term_string\"}}],\"inLanguage\":\"fr-CA\"},{\"@type\":\"Organization\",\"@id\":\"https:\/\/muralfestival.com\/fr\/#organization\",\"name\":\"Muralfestival\",\"url\":\"https:\/\/muralfestival.com\/fr\/\",\"logo\":{\"@type\":\"ImageObject\",\"inLanguage\":\"fr-CA\",\"@id\":\"https:\/\/muralfestival.com\/fr\/#\/schema\/logo\/image\/\",\"url\":\"https:\/\/muralfestival.com\/wp-content\/uploads\/2025\/03\/logo.png\",\"contentUrl\":\"https:\/\/muralfestival.com\/wp-content\/uploads\/2025\/03\/logo.png\",\"width\":553,\"height\":192,\"caption\":\"Muralfestival\"},\"image\":{\"@id\":\"https:\/\/muralfestival.com\/fr\/#\/schema\/logo\/image\/\"}}]}<\/script>\n<!-- \/ Yoast SEO plugin. -->","yoast_head_json":{"title":"Privacy Policy - Muralfestival","robots":{"index":"index","follow":"follow","max-snippet":"max-snippet:-1","max-image-preview":"max-image-preview:large","max-video-preview":"max-video-preview:-1"},"canonical":"https:\/\/muralfestival.com\/privacy-policy\/","og_locale":"fr_CA","og_type":"article","og_title":"Privacy Policy - Muralfestival","og_description":"Politique de confidentialit\u00e9 de MURALMise \u00e0 jour le 19 mars 2024 \u2013 Effective \u00e0 partir du 1er juillet 2021 MURAL est soucieux d\u2019assurer la protection de l\u2019information transmise par le r\u00e9seau Internet ainsi que le respect de votre vie priv\u00e9e. Nous contr\u00f4lons donc rigoureusement la fa\u00e7on dont les renseignements personnels sont utilis\u00e9s et communiqu\u00e9s. La [&hellip;]","og_url":"https:\/\/muralfestival.com\/privacy-policy\/","og_site_name":"Muralfestival","article_modified_time":"2025-04-01T02:47:17+00:00","twitter_card":"summary_large_image","twitter_misc":{"Estimation du temps de lecture":"4 minutes"},"schema":{"@context":"https:\/\/schema.org","@graph":[{"@type":"WebPage","@id":"https:\/\/muralfestival.com\/privacy-policy\/","url":"https:\/\/muralfestival.com\/privacy-policy\/","name":"Privacy Policy - Muralfestival","isPartOf":{"@id":"https:\/\/muralfestival.com\/fr\/#website"},"datePublished":"2025-03-22T19:32:58+00:00","dateModified":"2025-04-01T02:47:17+00:00","breadcrumb":{"@id":"https:\/\/muralfestival.com\/privacy-policy\/#breadcrumb"},"inLanguage":"fr-CA","potentialAction":[{"@type":"ReadAction","target":["https:\/\/muralfestival.com\/privacy-policy\/"]}]},{"@type":"BreadcrumbList","@id":"https:\/\/muralfestival.com\/privacy-policy\/#breadcrumb","itemListElement":[{"@type":"ListItem","position":1,"name":"Home","item":"https:\/\/muralfestival.com\/fr\/"},{"@type":"ListItem","position":2,"name":"Privacy Policy"}]},{"@type":"WebSite","@id":"https:\/\/muralfestival.com\/fr\/#website","url":"https:\/\/muralfestival.com\/fr\/","name":"Muralfestival","description":"","publisher":{"@id":"https:\/\/muralfestival.com\/fr\/#organization"},"potentialAction":[{"@type":"SearchAction","target":{"@type":"EntryPoint","urlTemplate":"https:\/\/muralfestival.com\/fr\/?s={search_term_string}"},"query-input":{"@type":"PropertyValueSpecification","valueRequired":true,"valueName":"search_term_string"}}],"inLanguage":"fr-CA"},{"@type":"Organization","@id":"https:\/\/muralfestival.com\/fr\/#organization","name":"Muralfestival","url":"https:\/\/muralfestival.com\/fr\/","logo":{"@type":"ImageObject","inLanguage":"fr-CA","@id":"https:\/\/muralfestival.com\/fr\/#\/schema\/logo\/image\/","url":"https:\/\/muralfestival.com\/wp-content\/uploads\/2025\/03\/logo.png","contentUrl":"https:\/\/muralfestival.com\/wp-content\/uploads\/2025\/03\/logo.png","width":553,"height":192,"caption":"Muralfestival"},"image":{"@id":"https:\/\/muralfestival.com\/fr\/#\/schema\/logo\/image\/"}}]}},"_links":{"self":[{"href":"https:\/\/muralfestival.com\/fr\/wp-json\/wp\/v2\/pages\/658","targetHints":{"allow":["GET"]}}],"collection":[{"href":"https:\/\/muralfestival.com\/fr\/wp-json\/wp\/v2\/pages"}],"about":[{"href":"https:\/\/muralfestival.com\/fr\/wp-json\/wp\/v2\/types\/page"}],"author":[{"embeddable":true,"href":"https:\/\/muralfestival.com\/fr\/wp-json\/wp\/v2\/users\/1"}],"replies":[{"embeddable":true,"href":"https:\/\/muralfestival.com\/fr\/wp-json\/wp\/v2\/comments?post=658"}],"version-history":[{"count":1,"href":"https:\/\/muralfestival.com\/fr\/wp-json\/wp\/v2\/pages\/658\/revisions"}],"predecessor-version":[{"id":663,"href":"https:\/\/muralfestival.com\/fr\/wp-json\/wp\/v2\/pages\/658\/revisions\/663"}],"wp:attachment":[{"href":"https:\/\/muralfestival.com\/fr\/wp-json\/wp\/v2\/media?parent=658"}],"curies":[{"name":"wp","href":"https:\/\/api.w.org\/{rel}","templated":true}]}}