{"id":657,"date":"2025-03-27T17:21:39","date_gmt":"2025-03-27T21:21:39","guid":{"rendered":"https:\/\/muralfestival.com\/cookie-policy\/"},"modified":"2025-03-31T22:46:36","modified_gmt":"2025-04-01T02:46:36","slug":"cookie-policy","status":"publish","type":"page","link":"https:\/\/muralfestival.com\/fr\/cookie-policy\/","title":{"rendered":"Politique de gestion des cookies"},"content":{"rendered":"\n<p><strong>Politique de gestion des cookies de MURAL<br><\/strong><em>Mise \u00e0 jour le 19 mars 2024 \u2013 Effective \u00e0 partir du 19 mars 2024<\/em><\/p>\n\n\n\n<h2 class=\"wp-block-heading\">Qu\u2019est-ce que les cookies ?<\/h2>\n\n\n\n<p>Cette politique sur les cookies explique ce que sont les cookies et comment nous les utilisons, les types de cookies que nous utilisons, c\u2019est-\u00e0-dire les informations que nous collectons \u00e0 l\u2019aide des cookies et comment ces informations sont utilis\u00e9es, et comment g\u00e9rer les param\u00e8tres des cookies.<br>Les cookies sont de petits fichiers texte utilis\u00e9s pour stocker de petites informations. Ils sont enregistr\u00e9s sur votre appareil lorsque le site Web est charg\u00e9 sur votre navigateur. Ces cookies nous aident \u00e0 faire fonctionner correctement le site Web, \u00e0 le rendre plus s\u00fbr, \u00e0 fournir une meilleure exp\u00e9rience utilisateur, \u00e0 comprendre comment le site Web fonctionne et \u00e0 analyser ce qui fonctionne et o\u00f9 il n\u00e9cessite des am\u00e9liorations.<\/p>\n\n\n\n<h2 class=\"wp-block-heading\">Comment utilisons-nous les cookies ?<\/h2>\n\n\n\n<p>Comme la plupart des services en ligne, notre site Web utilise des cookies de premi\u00e8re partie et de tiers \u00e0 plusieurs fins. Les cookies de premi\u00e8re partie sont principalement n\u00e9cessaires pour que le site Web fonctionne correctement, et ils ne collectent aucune de vos donn\u00e9es personnellement identifiables.<br>Les cookies tiers utilis\u00e9s sur notre site Web servent principalement \u00e0 comprendre comment le site Web fonctionne, comment vous interagissez avec notre site Web, \u00e0 garder nos services s\u00e9curis\u00e9s, \u00e0 fournir des publicit\u00e9s qui vous sont pertinentes, et tout cela dans le but de vous fournir une meilleure exp\u00e9rience utilisateur am\u00e9lior\u00e9e et d\u2019aider \u00e0 acc\u00e9l\u00e9rer vos futures interactions avec notre site Web.<\/p>\n\n\n\n<h2 class=\"wp-block-heading\">Types de Cookies que nous utilisons<\/h2>\n\n\n\n<div class= \"cky-audit-table-element\"><\/div>\n\n\n\n<h2 class=\"wp-block-heading\">G\u00e9rer les pr\u00e9f\u00e9rences de cookies<\/h2>\n\n\n\n<p><a>Param\u00e8tres des Cookies<\/a><br>Vous pouvez changer vos pr\u00e9f\u00e9rences de cookies \u00e0 tout moment en cliquant sur le bouton ci-dessus. Cela vous permettra de revisiter la banni\u00e8re de consentement aux cookies et de changer vos pr\u00e9f\u00e9rences ou de retirer votre consentement imm\u00e9diatement.<\/p>\n\n\n\n<p>De plus, diff\u00e9rents navigateurs offrent diff\u00e9rentes m\u00e9thodes pour bloquer et supprimer les cookies utilis\u00e9s par les sites Web. Vous pouvez changer les param\u00e8tres de votre navigateur pour bloquer\/supprimer les cookies. Ci-dessous sont list\u00e9s les liens vers les documents de support sur comment g\u00e9rer et supprimer les cookies des principaux navigateurs Web.<\/p>\n\n\n\n<p>Chrome:&nbsp;<a href=\"https:\/\/support.google.com\/accounts\/answer\/32050\" target=\"_blank\" rel=\"noreferrer noopener\">https:\/\/support.google.com\/accounts\/answer\/32050<\/a><\/p>\n\n\n\n<p>Safari:&nbsp;<a href=\"https:\/\/support.apple.com\/fr-fr\/guide\/safari\/sfri11471\/mac\" target=\"_blank\" rel=\"noreferrer noopener\">https:\/\/support.apple.com\/fr-fr\/guide\/safari\/sfri11471\/mac<\/a><\/p>\n\n\n\n<p>Firefox:&nbsp;<a href=\"https:\/\/support.mozilla.org\/fr\/kb\/effacer-les-cookies-pour-supprimer-les-information\" target=\"_blank\" rel=\"noreferrer noopener\">https:\/\/support.mozilla.org\/fr\/kb\/effacer-les-cookies-pour-supprimer-les-information<\/a><\/p>\n\n\n\n<p>Internet Explorer:&nbsp;<a href=\"https:\/\/support.microsoft.com\/fr-fr\/topic\/supprimer-et-g%C3%A9rer-les-cookies-168dab11-0753-043d-7c16-ede5947fc64d\" target=\"_blank\" rel=\"noreferrer noopener\">https:\/\/support.microsoft.com\/fr-fr\/topic\/supprimer-et-g%C3%A9rer-les-cookies-168dab11-0753-043d-7c16-ede5947fc64d<\/a><\/p>\n\n\n\n<p>Si vous utilisez un autre navigateur web, veuillez consulter les documents de support officiels de votre navigateur.<\/p>\n","protected":false},"excerpt":{"rendered":"<p>Politique de gestion des cookies de MURALMise \u00e0 jour le 19 mars 2024 \u2013 Effective \u00e0 partir du 19 mars 2024 Qu\u2019est-ce que les cookies ? Cette politique sur les cookies explique ce que sont les cookies et comment nous les utilisons, les types de cookies que nous utilisons, c\u2019est-\u00e0-dire les informations que nous collectons [&hellip;]<\/p>\n","protected":false},"author":2,"featured_media":0,"parent":0,"menu_order":0,"comment_status":"closed","ping_status":"closed","template":"","meta":{"_acf_changed":false,"footnotes":""},"class_list":["post-657","page","type-page","status-publish","hentry"],"acf":[],"yoast_head":"<!-- This site is optimized with the Yoast SEO plugin v24.7 - https:\/\/yoast.com\/wordpress\/plugins\/seo\/ -->\n<title>Politique de gestion des cookies - Muralfestival<\/title>\n<meta name=\"robots\" content=\"index, follow, max-snippet:-1, max-image-preview:large, max-video-preview:-1\" \/>\n<link rel=\"canonical\" href=\"https:\/\/muralfestival.com\/fr\/cookie-policy\/\" \/>\n<meta property=\"og:locale\" content=\"fr_CA\" \/>\n<meta property=\"og:type\" content=\"article\" \/>\n<meta property=\"og:title\" content=\"Politique de gestion des cookies - Muralfestival\" \/>\n<meta property=\"og:description\" content=\"Politique de gestion des cookies de MURALMise \u00e0 jour le 19 mars 2024 \u2013 Effective \u00e0 partir du 19 mars 2024 Qu\u2019est-ce que les cookies ? Cette politique sur les cookies explique ce que sont les cookies et comment nous les utilisons, les types de cookies que nous utilisons, c\u2019est-\u00e0-dire les informations que nous collectons [&hellip;]\" \/>\n<meta property=\"og:url\" content=\"https:\/\/muralfestival.com\/fr\/cookie-policy\/\" \/>\n<meta property=\"og:site_name\" content=\"Muralfestival\" \/>\n<meta property=\"article:modified_time\" content=\"2025-04-01T02:46:36+00:00\" \/>\n<meta name=\"twitter:card\" content=\"summary_large_image\" \/>\n<meta name=\"twitter:label1\" content=\"Estimation du temps de lecture\" \/>\n\t<meta name=\"twitter:data1\" content=\"2 minutes\" \/>\n<script type=\"application\/ld+json\" class=\"yoast-schema-graph\">{\"@context\":\"https:\/\/schema.org\",\"@graph\":[{\"@type\":\"WebPage\",\"@id\":\"https:\/\/muralfestival.com\/fr\/cookie-policy\/\",\"url\":\"https:\/\/muralfestival.com\/fr\/cookie-policy\/\",\"name\":\"Politique de gestion des cookies - Muralfestival\",\"isPartOf\":{\"@id\":\"https:\/\/muralfestival.com\/fr\/#website\"},\"datePublished\":\"2025-03-27T21:21:39+00:00\",\"dateModified\":\"2025-04-01T02:46:36+00:00\",\"breadcrumb\":{\"@id\":\"https:\/\/muralfestival.com\/fr\/cookie-policy\/#breadcrumb\"},\"inLanguage\":\"fr-CA\",\"potentialAction\":[{\"@type\":\"ReadAction\",\"target\":[\"https:\/\/muralfestival.com\/fr\/cookie-policy\/\"]}]},{\"@type\":\"BreadcrumbList\",\"@id\":\"https:\/\/muralfestival.com\/fr\/cookie-policy\/#breadcrumb\",\"itemListElement\":[{\"@type\":\"ListItem\",\"position\":1,\"name\":\"Home\",\"item\":\"https:\/\/muralfestival.com\/fr\/\"},{\"@type\":\"ListItem\",\"position\":2,\"name\":\"Politique de gestion des cookies\"}]},{\"@type\":\"WebSite\",\"@id\":\"https:\/\/muralfestival.com\/fr\/#website\",\"url\":\"https:\/\/muralfestival.com\/fr\/\",\"name\":\"Muralfestival\",\"description\":\"\",\"publisher\":{\"@id\":\"https:\/\/muralfestival.com\/fr\/#organization\"},\"potentialAction\":[{\"@type\":\"SearchAction\",\"target\":{\"@type\":\"EntryPoint\",\"urlTemplate\":\"https:\/\/muralfestival.com\/fr\/?s={search_term_string}\"},\"query-input\":{\"@type\":\"PropertyValueSpecification\",\"valueRequired\":true,\"valueName\":\"search_term_string\"}}],\"inLanguage\":\"fr-CA\"},{\"@type\":\"Organization\",\"@id\":\"https:\/\/muralfestival.com\/fr\/#organization\",\"name\":\"Muralfestival\",\"url\":\"https:\/\/muralfestival.com\/fr\/\",\"logo\":{\"@type\":\"ImageObject\",\"inLanguage\":\"fr-CA\",\"@id\":\"https:\/\/muralfestival.com\/fr\/#\/schema\/logo\/image\/\",\"url\":\"https:\/\/muralfestival.com\/wp-content\/uploads\/2025\/03\/logo.png\",\"contentUrl\":\"https:\/\/muralfestival.com\/wp-content\/uploads\/2025\/03\/logo.png\",\"width\":553,\"height\":192,\"caption\":\"Muralfestival\"},\"image\":{\"@id\":\"https:\/\/muralfestival.com\/fr\/#\/schema\/logo\/image\/\"}}]}<\/script>\n<!-- \/ Yoast SEO plugin. -->","yoast_head_json":{"title":"Politique de gestion des cookies - Muralfestival","robots":{"index":"index","follow":"follow","max-snippet":"max-snippet:-1","max-image-preview":"max-image-preview:large","max-video-preview":"max-video-preview:-1"},"canonical":"https:\/\/muralfestival.com\/fr\/cookie-policy\/","og_locale":"fr_CA","og_type":"article","og_title":"Politique de gestion des cookies - Muralfestival","og_description":"Politique de gestion des cookies de MURALMise \u00e0 jour le 19 mars 2024 \u2013 Effective \u00e0 partir du 19 mars 2024 Qu\u2019est-ce que les cookies ? Cette politique sur les cookies explique ce que sont les cookies et comment nous les utilisons, les types de cookies que nous utilisons, c\u2019est-\u00e0-dire les informations que nous collectons [&hellip;]","og_url":"https:\/\/muralfestival.com\/fr\/cookie-policy\/","og_site_name":"Muralfestival","article_modified_time":"2025-04-01T02:46:36+00:00","twitter_card":"summary_large_image","twitter_misc":{"Estimation du temps de lecture":"2 minutes"},"schema":{"@context":"https:\/\/schema.org","@graph":[{"@type":"WebPage","@id":"https:\/\/muralfestival.com\/fr\/cookie-policy\/","url":"https:\/\/muralfestival.com\/fr\/cookie-policy\/","name":"Politique de gestion des cookies - Muralfestival","isPartOf":{"@id":"https:\/\/muralfestival.com\/fr\/#website"},"datePublished":"2025-03-27T21:21:39+00:00","dateModified":"2025-04-01T02:46:36+00:00","breadcrumb":{"@id":"https:\/\/muralfestival.com\/fr\/cookie-policy\/#breadcrumb"},"inLanguage":"fr-CA","potentialAction":[{"@type":"ReadAction","target":["https:\/\/muralfestival.com\/fr\/cookie-policy\/"]}]},{"@type":"BreadcrumbList","@id":"https:\/\/muralfestival.com\/fr\/cookie-policy\/#breadcrumb","itemListElement":[{"@type":"ListItem","position":1,"name":"Home","item":"https:\/\/muralfestival.com\/fr\/"},{"@type":"ListItem","position":2,"name":"Politique de gestion des cookies"}]},{"@type":"WebSite","@id":"https:\/\/muralfestival.com\/fr\/#website","url":"https:\/\/muralfestival.com\/fr\/","name":"Muralfestival","description":"","publisher":{"@id":"https:\/\/muralfestival.com\/fr\/#organization"},"potentialAction":[{"@type":"SearchAction","target":{"@type":"EntryPoint","urlTemplate":"https:\/\/muralfestival.com\/fr\/?s={search_term_string}"},"query-input":{"@type":"PropertyValueSpecification","valueRequired":true,"valueName":"search_term_string"}}],"inLanguage":"fr-CA"},{"@type":"Organization","@id":"https:\/\/muralfestival.com\/fr\/#organization","name":"Muralfestival","url":"https:\/\/muralfestival.com\/fr\/","logo":{"@type":"ImageObject","inLanguage":"fr-CA","@id":"https:\/\/muralfestival.com\/fr\/#\/schema\/logo\/image\/","url":"https:\/\/muralfestival.com\/wp-content\/uploads\/2025\/03\/logo.png","contentUrl":"https:\/\/muralfestival.com\/wp-content\/uploads\/2025\/03\/logo.png","width":553,"height":192,"caption":"Muralfestival"},"image":{"@id":"https:\/\/muralfestival.com\/fr\/#\/schema\/logo\/image\/"}}]}},"_links":{"self":[{"href":"https:\/\/muralfestival.com\/fr\/wp-json\/wp\/v2\/pages\/657","targetHints":{"allow":["GET"]}}],"collection":[{"href":"https:\/\/muralfestival.com\/fr\/wp-json\/wp\/v2\/pages"}],"about":[{"href":"https:\/\/muralfestival.com\/fr\/wp-json\/wp\/v2\/types\/page"}],"author":[{"embeddable":true,"href":"https:\/\/muralfestival.com\/fr\/wp-json\/wp\/v2\/users\/2"}],"replies":[{"embeddable":true,"href":"https:\/\/muralfestival.com\/fr\/wp-json\/wp\/v2\/comments?post=657"}],"version-history":[{"count":1,"href":"https:\/\/muralfestival.com\/fr\/wp-json\/wp\/v2\/pages\/657\/revisions"}],"predecessor-version":[{"id":661,"href":"https:\/\/muralfestival.com\/fr\/wp-json\/wp\/v2\/pages\/657\/revisions\/661"}],"wp:attachment":[{"href":"https:\/\/muralfestival.com\/fr\/wp-json\/wp\/v2\/media?parent=657"}],"curies":[{"name":"wp","href":"https:\/\/api.w.org\/{rel}","templated":true}]}}