{"id":4847,"date":"2025-05-13T14:28:14","date_gmt":"2025-05-13T18:28:14","guid":{"rendered":"https:\/\/muralfestival.com\/guided-tours\/"},"modified":"2025-05-16T11:28:12","modified_gmt":"2025-05-16T15:28:12","slug":"nos-visites-guidees","status":"publish","type":"page","link":"https:\/\/muralfestival.com\/fr\/nos-visites-guidees\/","title":{"rendered":"Visites guid\u00e9es"},"content":{"rendered":"\t\t<div data-elementor-type=\"wp-post\" data-elementor-id=\"4847\" class=\"elementor elementor-4847 elementor-4835\" data-elementor-post-type=\"page\">\n\t\t\t\t<div class=\"elementor-element elementor-element-0c7ffec e-flex e-con-boxed e-con e-parent\" data-id=\"0c7ffec\" data-element_type=\"container\" data-settings=\"{&quot;jet_parallax_layout_list&quot;:[]}\">\n\t\t\t\t\t<div class=\"e-con-inner\">\n\t\t\t\t<div class=\"elementor-element elementor-element-5a74cf5 mural-title-v10 elementor-widget elementor-widget-heading\" data-id=\"5a74cf5\" data-element_type=\"widget\" data-widget_type=\"heading.default\">\n\t\t\t\t<div class=\"elementor-widget-container\">\n\t\t\t\t\t<h1 class=\"elementor-heading-title elementor-size-default\">Visites guid\u00e9es<\/h1>\t\t\t\t<\/div>\n\t\t\t\t<\/div>\n\t\t\t\t\t<\/div>\n\t\t\t\t<\/div>\n\t\t<div class=\"elementor-element elementor-element-a4c94e9 e-flex e-con-boxed e-con e-parent\" data-id=\"a4c94e9\" data-element_type=\"container\" data-settings=\"{&quot;jet_parallax_layout_list&quot;:[]}\">\n\t\t\t\t\t<div class=\"e-con-inner\">\n\t\t<div class=\"elementor-element elementor-element-c621b68 e-con-full e-flex e-con e-child\" data-id=\"c621b68\" data-element_type=\"container\" data-settings=\"{&quot;jet_parallax_layout_list&quot;:[]}\">\n\t\t\t\t<div class=\"elementor-element elementor-element-2d8fb42 elementor-widget elementor-widget-text-editor\" data-id=\"2d8fb42\" data-element_type=\"widget\" data-widget_type=\"text-editor.default\">\n\t\t\t\t<div class=\"elementor-widget-container\">\n\t\t\t\t\t\t\t\t\t<p>Les visites guid\u00e9es de cette ann\u00e9e sont propos\u00e9es en partenariat avec nos amis de Spade &amp; Palacio! Des petits groupes, des guides locaux, c\u2019est ce dont il est question dans ce tour unique. Joignez-vous \u00e0 l\u2019originale et premi\u00e8re visite pi\u00e9tonni\u00e8re de l\u2019art \u2028urbain montr\u00e9alais pour tout savoir sur les artistes, les \u0153uvres et la sc\u00e8ne de l\u2019art public \u00e0\u2028 Montr\u00e9al.<\/p>\t\t\t\t\t\t\t\t<\/div>\n\t\t\t\t<\/div>\n\t\t\t\t<div class=\"elementor-element elementor-element-a5bd835 elementor-align-left elementor-widget__width-auto elementor-widget elementor-widget-button\" data-id=\"a5bd835\" data-element_type=\"widget\" data-widget_type=\"button.default\">\n\t\t\t\t<div class=\"elementor-widget-container\">\n\t\t\t\t\t\t\t\t\t<div class=\"elementor-button-wrapper\">\n\t\t\t\t\t<a class=\"elementor-button elementor-button-link elementor-size-sm\" href=\"https:\/\/spadeandpalacio.com\/fr\/visite-officielle-mural\/\" target=\"_blank\">\n\t\t\t\t\t\t<span class=\"elementor-button-content-wrapper\">\n\t\t\t\t\t\t\t\t\t<span class=\"elementor-button-text\">Achetez vos billets<\/span>\n\t\t\t\t\t<\/span>\n\t\t\t\t\t<\/a>\n\t\t\t\t<\/div>\n\t\t\t\t\t\t\t\t<\/div>\n\t\t\t\t<\/div>\n\t\t\t\t<\/div>\n\t\t<div class=\"elementor-element elementor-element-c26faf4 e-con-full e-flex e-con e-child\" data-id=\"c26faf4\" data-element_type=\"container\" data-settings=\"{&quot;jet_parallax_layout_list&quot;:[]}\">\n\t\t\t\t<div class=\"elementor-element elementor-element-3590789 elementor-widget elementor-widget-image\" data-id=\"3590789\" data-element_type=\"widget\" data-widget_type=\"image.default\">\n\t\t\t\t<div class=\"elementor-widget-container\">\n\t\t\t\t\t\t\t\t\t\t\t\t\t\t\t<img fetchpriority=\"high\" decoding=\"async\" width=\"800\" height=\"602\" src=\"https:\/\/muralfestival.com\/wp-content\/uploads\/2025\/05\/extractimages_20250513_14__33__56-1907x1435-q75-1024x771.jpeg\" class=\"attachment-large size-large wp-image-4842\" alt=\"\" srcset=\"https:\/\/muralfestival.com\/wp-content\/uploads\/2025\/05\/extractimages_20250513_14__33__56-1907x1435-q75-1024x771.jpeg 1024w, https:\/\/muralfestival.com\/wp-content\/uploads\/2025\/05\/extractimages_20250513_14__33__56-1907x1435-q75-300x226.jpeg 300w, https:\/\/muralfestival.com\/wp-content\/uploads\/2025\/05\/extractimages_20250513_14__33__56-1907x1435-q75-768x578.jpeg 768w, https:\/\/muralfestival.com\/wp-content\/uploads\/2025\/05\/extractimages_20250513_14__33__56-1907x1435-q75-1536x1156.jpeg 1536w, https:\/\/muralfestival.com\/wp-content\/uploads\/2025\/05\/extractimages_20250513_14__33__56-1907x1435-q75.jpeg 1907w\" sizes=\"(max-width: 800px) 100vw, 800px\" \/>\t\t\t\t\t\t\t\t\t\t\t\t\t\t\t<\/div>\n\t\t\t\t<\/div>\n\t\t\t\t<\/div>\n\t\t\t\t\t<\/div>\n\t\t\t\t<\/div>\n\t\t<div class=\"elementor-element elementor-element-7b3ee2b e-flex e-con-boxed e-con e-parent\" data-id=\"7b3ee2b\" data-element_type=\"container\" data-settings=\"{&quot;jet_parallax_layout_list&quot;:[]}\">\n\t\t\t\t\t<div class=\"e-con-inner\">\n\t\t\t\t<div class=\"elementor-element elementor-element-929cbe0 elementor-widget elementor-widget-text-editor\" data-id=\"929cbe0\" data-element_type=\"widget\" data-widget_type=\"text-editor.default\">\n\t\t\t\t<div class=\"elementor-widget-container\">\n\t\t\t\t\t\t\t\t\t<p>Au fil des ans, le boulevard Saint-Laurent s\u2019est transform\u00e9 en tout premier corridor d\u2019art\u2028urbain au pays. Depuis la cr\u00e9ation du premier rassemblement de la culture graffiti il y a plus de \u202820 ans, le plus r\u00e9cent festival Mural, les organisations municipales et \u00e0 but non lucratif, ont fait\u2028 de notre ville un leader mondial de la sc\u00e8ne artistique urbaine.<\/p><p>Notre visite montr\u00e9alaise de l\u2019art de rue et du graffiti couvre des artistes locaux et \u2028internationaux. Les r\u00e9alisations varient de petites installations que votre guide vous pointera \u00e0\u2028des \u0153uvres massives sur 10 \u00e9tages. On y apprend les techniques, la signification des cr\u00e9ations\u2028 et celles de ses talentueux artistes.<\/p>\t\t\t\t\t\t\t\t<\/div>\n\t\t\t\t<\/div>\n\t\t\t\t\t<\/div>\n\t\t\t\t<\/div>\n\t\t<div class=\"elementor-element elementor-element-3da5789 e-flex e-con-boxed e-con e-parent\" data-id=\"3da5789\" data-element_type=\"container\" data-settings=\"{&quot;jet_parallax_layout_list&quot;:[]}\">\n\t\t\t\t\t<div class=\"e-con-inner\">\n\t\t<div class=\"elementor-element elementor-element-0ffb42c e-con-full e-flex e-con e-child\" data-id=\"0ffb42c\" data-element_type=\"container\" data-settings=\"{&quot;jet_parallax_layout_list&quot;:[]}\">\n\t\t\t\t<div class=\"elementor-element elementor-element-a943881 elementor-widget elementor-widget-text-editor\" data-id=\"a943881\" data-element_type=\"widget\" data-widget_type=\"text-editor.default\">\n\t\t\t\t<div class=\"elementor-widget-container\">\n\t\t\t\t\t\t\t\t\t<p>Notre ville abrite la plus grande concentration d\u2019artistes du pays, d\u00e9couvrez pourquoi. Nous y \u2028verrons diff\u00e9rentes techniques et styles tels que celle de la p\u00e2te de bl\u00e9, mais aussi les plus\u2028 classiques et communes utilis\u00e9s dans l\u2019arrondissement. C\u2019est une promenade en zigzag \u00e0\u2028 travers les rues et les ruelles avec un guide local qui s\u2019y conna\u00eet. Le quartier est une r\u00e9elle\u2028galerie d\u2019art ext\u00e9rieur que vous pourrez continuer \u00e0 explorer par vous-m\u00eame, en ayant en main \u2028notre liste de recommandations des meilleurs restaurants et bars de Montr\u00e9al.<\/p><p>C\u2019est LA visite guid\u00e9e des murales de Montr\u00e9al qui a inspir\u00e9 d\u2019autres personnes \u00e0 suivre nos\u2028traces. Id\u00e9ale pour les habitants et les visiteurs, elle est aussi tr\u00e8s populaire aupr\u00e8s des\u2028entreprises et des groupes scolaires.<\/p>\t\t\t\t\t\t\t\t<\/div>\n\t\t\t\t<\/div>\n\t\t\t\t<\/div>\n\t\t<div class=\"elementor-element elementor-element-e58087a e-con-full e-flex e-con e-child\" data-id=\"e58087a\" data-element_type=\"container\" data-settings=\"{&quot;jet_parallax_layout_list&quot;:[]}\">\n\t\t\t\t<div class=\"elementor-element elementor-element-b4f044f elementor-widget elementor-widget-image\" data-id=\"b4f044f\" data-element_type=\"widget\" data-widget_type=\"image.default\">\n\t\t\t\t<div class=\"elementor-widget-container\">\n\t\t\t\t\t\t\t\t\t\t\t\t\t\t\t<img decoding=\"async\" width=\"800\" height=\"958\" src=\"https:\/\/muralfestival.com\/wp-content\/uploads\/2025\/05\/extractimages_20250513_14__34__03-1440x1724-q75-855x1024.jpeg\" class=\"attachment-large size-large wp-image-4840\" alt=\"\" srcset=\"https:\/\/muralfestival.com\/wp-content\/uploads\/2025\/05\/extractimages_20250513_14__34__03-1440x1724-q75-855x1024.jpeg 855w, https:\/\/muralfestival.com\/wp-content\/uploads\/2025\/05\/extractimages_20250513_14__34__03-1440x1724-q75-251x300.jpeg 251w, https:\/\/muralfestival.com\/wp-content\/uploads\/2025\/05\/extractimages_20250513_14__34__03-1440x1724-q75-768x919.jpeg 768w, https:\/\/muralfestival.com\/wp-content\/uploads\/2025\/05\/extractimages_20250513_14__34__03-1440x1724-q75-1283x1536.jpeg 1283w, https:\/\/muralfestival.com\/wp-content\/uploads\/2025\/05\/extractimages_20250513_14__34__03-1440x1724-q75.jpeg 1440w\" sizes=\"(max-width: 800px) 100vw, 800px\" \/>\t\t\t\t\t\t\t\t\t\t\t\t\t\t\t<\/div>\n\t\t\t\t<\/div>\n\t\t\t\t<\/div>\n\t\t\t\t\t<\/div>\n\t\t\t\t<\/div>\n\t\t<div class=\"elementor-element elementor-element-fa42c76 e-flex e-con-boxed e-con e-parent\" data-id=\"fa42c76\" data-element_type=\"container\" data-settings=\"{&quot;background_background&quot;:&quot;classic&quot;,&quot;jet_parallax_layout_list&quot;:[]}\">\n\t\t\t\t\t<div class=\"e-con-inner\">\n\t\t\t\t\t<\/div>\n\t\t\t\t<\/div>\n\t\t\t\t<\/div>\n\t\t","protected":false},"excerpt":{"rendered":"<p>Visites guid\u00e9es Les visites guid\u00e9es de cette ann\u00e9e sont propos\u00e9es en partenariat avec nos amis de Spade &amp; Palacio! Des petits groupes, des guides locaux, c\u2019est ce dont il est question dans ce tour unique. Joignez-vous \u00e0 l\u2019originale et premi\u00e8re visite pi\u00e9tonni\u00e8re de l\u2019art \u2028urbain montr\u00e9alais pour tout savoir sur les artistes, les \u0153uvres et [&hellip;]<\/p>\n","protected":false},"author":2,"featured_media":0,"parent":0,"menu_order":0,"comment_status":"closed","ping_status":"closed","template":"","meta":{"_acf_changed":false,"footnotes":""},"class_list":["post-4847","page","type-page","status-publish","hentry"],"acf":[],"yoast_head":"<!-- This site is optimized with the Yoast SEO plugin v24.7 - https:\/\/yoast.com\/wordpress\/plugins\/seo\/ -->\n<title>Visites guid\u00e9es | Festival Mural - Festival Mural<\/title>\n<meta name=\"description\" content=\"What began as a love letter from Montreal to the world, the Festival has grown into a unique international celebration of the arts, with its own distinctive DNA. Montreal\u2019s MURAL Festival presents live art, music, exhibitions and artist talks, the Festival is an important gathering of the global artistic community.\" \/>\n<meta name=\"robots\" content=\"index, follow, max-snippet:-1, max-image-preview:large, max-video-preview:-1\" \/>\n<link rel=\"canonical\" href=\"https:\/\/muralfestival.com\/fr\/nos-visites-guidees\/\" \/>\n<meta property=\"og:locale\" content=\"fr_CA\" \/>\n<meta property=\"og:type\" content=\"article\" \/>\n<meta property=\"og:title\" content=\"Visites guid\u00e9es | Festival Mural - Festival Mural\" \/>\n<meta property=\"og:description\" content=\"What began as a love letter from Montreal to the world, the Festival has grown into a unique international celebration of the arts, with its own distinctive DNA. Montreal\u2019s MURAL Festival presents live art, music, exhibitions and artist talks, the Festival is an important gathering of the global artistic community.\" \/>\n<meta property=\"og:url\" content=\"https:\/\/muralfestival.com\/fr\/nos-visites-guidees\/\" \/>\n<meta property=\"og:site_name\" content=\"Muralfestival\" \/>\n<meta property=\"article:modified_time\" content=\"2025-05-16T15:28:12+00:00\" \/>\n<meta property=\"og:image\" content=\"https:\/\/muralfestival.com\/wp-content\/uploads\/2025\/05\/extractimages_20250513_14__33__56-1907x1435-q75.jpeg\" \/>\n\t<meta property=\"og:image:width\" content=\"1907\" \/>\n\t<meta property=\"og:image:height\" content=\"1435\" \/>\n\t<meta property=\"og:image:type\" content=\"image\/jpeg\" \/>\n<meta name=\"twitter:card\" content=\"summary_large_image\" \/>\n<meta name=\"twitter:label1\" content=\"Estimation du temps de lecture\" \/>\n\t<meta name=\"twitter:data1\" content=\"2 minutes\" \/>\n<script type=\"application\/ld+json\" class=\"yoast-schema-graph\">{\"@context\":\"https:\/\/schema.org\",\"@graph\":[{\"@type\":\"WebPage\",\"@id\":\"https:\/\/muralfestival.com\/fr\/nos-visites-guidees\/\",\"url\":\"https:\/\/muralfestival.com\/fr\/nos-visites-guidees\/\",\"name\":\"Visites guid\u00e9es | Festival Mural - Festival Mural\",\"isPartOf\":{\"@id\":\"https:\/\/muralfestival.com\/fr\/#website\"},\"primaryImageOfPage\":{\"@id\":\"https:\/\/muralfestival.com\/fr\/nos-visites-guidees\/#primaryimage\"},\"image\":{\"@id\":\"https:\/\/muralfestival.com\/fr\/nos-visites-guidees\/#primaryimage\"},\"thumbnailUrl\":\"https:\/\/muralfestival.com\/wp-content\/uploads\/2025\/05\/extractimages_20250513_14__33__56-1907x1435-q75-1024x771.jpeg\",\"datePublished\":\"2025-05-13T18:28:14+00:00\",\"dateModified\":\"2025-05-16T15:28:12+00:00\",\"description\":\"What began as a love letter from Montreal to the world, the Festival has grown into a unique international celebration of the arts, with its own distinctive DNA. Montreal\u2019s MURAL Festival presents live art, music, exhibitions and artist talks, the Festival is an important gathering of the global artistic community.\",\"breadcrumb\":{\"@id\":\"https:\/\/muralfestival.com\/fr\/nos-visites-guidees\/#breadcrumb\"},\"inLanguage\":\"fr-CA\",\"potentialAction\":[{\"@type\":\"ReadAction\",\"target\":[\"https:\/\/muralfestival.com\/fr\/nos-visites-guidees\/\"]}]},{\"@type\":\"ImageObject\",\"inLanguage\":\"fr-CA\",\"@id\":\"https:\/\/muralfestival.com\/fr\/nos-visites-guidees\/#primaryimage\",\"url\":\"https:\/\/muralfestival.com\/wp-content\/uploads\/2025\/05\/extractimages_20250513_14__33__56-1907x1435-q75-1024x771.jpeg\",\"contentUrl\":\"https:\/\/muralfestival.com\/wp-content\/uploads\/2025\/05\/extractimages_20250513_14__33__56-1907x1435-q75-1024x771.jpeg\"},{\"@type\":\"BreadcrumbList\",\"@id\":\"https:\/\/muralfestival.com\/fr\/nos-visites-guidees\/#breadcrumb\",\"itemListElement\":[{\"@type\":\"ListItem\",\"position\":1,\"name\":\"Home\",\"item\":\"https:\/\/muralfestival.com\/fr\/\"},{\"@type\":\"ListItem\",\"position\":2,\"name\":\"Visites guid\u00e9es\"}]},{\"@type\":\"WebSite\",\"@id\":\"https:\/\/muralfestival.com\/fr\/#website\",\"url\":\"https:\/\/muralfestival.com\/fr\/\",\"name\":\"Muralfestival\",\"description\":\"\",\"publisher\":{\"@id\":\"https:\/\/muralfestival.com\/fr\/#organization\"},\"potentialAction\":[{\"@type\":\"SearchAction\",\"target\":{\"@type\":\"EntryPoint\",\"urlTemplate\":\"https:\/\/muralfestival.com\/fr\/?s={search_term_string}\"},\"query-input\":{\"@type\":\"PropertyValueSpecification\",\"valueRequired\":true,\"valueName\":\"search_term_string\"}}],\"inLanguage\":\"fr-CA\"},{\"@type\":\"Organization\",\"@id\":\"https:\/\/muralfestival.com\/fr\/#organization\",\"name\":\"Muralfestival\",\"url\":\"https:\/\/muralfestival.com\/fr\/\",\"logo\":{\"@type\":\"ImageObject\",\"inLanguage\":\"fr-CA\",\"@id\":\"https:\/\/muralfestival.com\/fr\/#\/schema\/logo\/image\/\",\"url\":\"https:\/\/muralfestival.com\/wp-content\/uploads\/2025\/03\/logo.png\",\"contentUrl\":\"https:\/\/muralfestival.com\/wp-content\/uploads\/2025\/03\/logo.png\",\"width\":553,\"height\":192,\"caption\":\"Muralfestival\"},\"image\":{\"@id\":\"https:\/\/muralfestival.com\/fr\/#\/schema\/logo\/image\/\"}}]}<\/script>\n<!-- \/ Yoast SEO plugin. -->","yoast_head_json":{"title":"Visites guid\u00e9es | Festival Mural - Festival Mural","description":"What began as a love letter from Montreal to the world, the Festival has grown into a unique international celebration of the arts, with its own distinctive DNA. Montreal\u2019s MURAL Festival presents live art, music, exhibitions and artist talks, the Festival is an important gathering of the global artistic community.","robots":{"index":"index","follow":"follow","max-snippet":"max-snippet:-1","max-image-preview":"max-image-preview:large","max-video-preview":"max-video-preview:-1"},"canonical":"https:\/\/muralfestival.com\/fr\/nos-visites-guidees\/","og_locale":"fr_CA","og_type":"article","og_title":"Visites guid\u00e9es | Festival Mural - Festival Mural","og_description":"What began as a love letter from Montreal to the world, the Festival has grown into a unique international celebration of the arts, with its own distinctive DNA. Montreal\u2019s MURAL Festival presents live art, music, exhibitions and artist talks, the Festival is an important gathering of the global artistic community.","og_url":"https:\/\/muralfestival.com\/fr\/nos-visites-guidees\/","og_site_name":"Muralfestival","article_modified_time":"2025-05-16T15:28:12+00:00","og_image":[{"width":1907,"height":1435,"url":"https:\/\/muralfestival.com\/wp-content\/uploads\/2025\/05\/extractimages_20250513_14__33__56-1907x1435-q75.jpeg","type":"image\/jpeg"}],"twitter_card":"summary_large_image","twitter_misc":{"Estimation du temps de lecture":"2 minutes"},"schema":{"@context":"https:\/\/schema.org","@graph":[{"@type":"WebPage","@id":"https:\/\/muralfestival.com\/fr\/nos-visites-guidees\/","url":"https:\/\/muralfestival.com\/fr\/nos-visites-guidees\/","name":"Visites guid\u00e9es | Festival Mural - Festival Mural","isPartOf":{"@id":"https:\/\/muralfestival.com\/fr\/#website"},"primaryImageOfPage":{"@id":"https:\/\/muralfestival.com\/fr\/nos-visites-guidees\/#primaryimage"},"image":{"@id":"https:\/\/muralfestival.com\/fr\/nos-visites-guidees\/#primaryimage"},"thumbnailUrl":"https:\/\/muralfestival.com\/wp-content\/uploads\/2025\/05\/extractimages_20250513_14__33__56-1907x1435-q75-1024x771.jpeg","datePublished":"2025-05-13T18:28:14+00:00","dateModified":"2025-05-16T15:28:12+00:00","description":"What began as a love letter from Montreal to the world, the Festival has grown into a unique international celebration of the arts, with its own distinctive DNA. Montreal\u2019s MURAL Festival presents live art, music, exhibitions and artist talks, the Festival is an important gathering of the global artistic community.","breadcrumb":{"@id":"https:\/\/muralfestival.com\/fr\/nos-visites-guidees\/#breadcrumb"},"inLanguage":"fr-CA","potentialAction":[{"@type":"ReadAction","target":["https:\/\/muralfestival.com\/fr\/nos-visites-guidees\/"]}]},{"@type":"ImageObject","inLanguage":"fr-CA","@id":"https:\/\/muralfestival.com\/fr\/nos-visites-guidees\/#primaryimage","url":"https:\/\/muralfestival.com\/wp-content\/uploads\/2025\/05\/extractimages_20250513_14__33__56-1907x1435-q75-1024x771.jpeg","contentUrl":"https:\/\/muralfestival.com\/wp-content\/uploads\/2025\/05\/extractimages_20250513_14__33__56-1907x1435-q75-1024x771.jpeg"},{"@type":"BreadcrumbList","@id":"https:\/\/muralfestival.com\/fr\/nos-visites-guidees\/#breadcrumb","itemListElement":[{"@type":"ListItem","position":1,"name":"Home","item":"https:\/\/muralfestival.com\/fr\/"},{"@type":"ListItem","position":2,"name":"Visites guid\u00e9es"}]},{"@type":"WebSite","@id":"https:\/\/muralfestival.com\/fr\/#website","url":"https:\/\/muralfestival.com\/fr\/","name":"Muralfestival","description":"","publisher":{"@id":"https:\/\/muralfestival.com\/fr\/#organization"},"potentialAction":[{"@type":"SearchAction","target":{"@type":"EntryPoint","urlTemplate":"https:\/\/muralfestival.com\/fr\/?s={search_term_string}"},"query-input":{"@type":"PropertyValueSpecification","valueRequired":true,"valueName":"search_term_string"}}],"inLanguage":"fr-CA"},{"@type":"Organization","@id":"https:\/\/muralfestival.com\/fr\/#organization","name":"Muralfestival","url":"https:\/\/muralfestival.com\/fr\/","logo":{"@type":"ImageObject","inLanguage":"fr-CA","@id":"https:\/\/muralfestival.com\/fr\/#\/schema\/logo\/image\/","url":"https:\/\/muralfestival.com\/wp-content\/uploads\/2025\/03\/logo.png","contentUrl":"https:\/\/muralfestival.com\/wp-content\/uploads\/2025\/03\/logo.png","width":553,"height":192,"caption":"Muralfestival"},"image":{"@id":"https:\/\/muralfestival.com\/fr\/#\/schema\/logo\/image\/"}}]}},"_links":{"self":[{"href":"https:\/\/muralfestival.com\/fr\/wp-json\/wp\/v2\/pages\/4847","targetHints":{"allow":["GET"]}}],"collection":[{"href":"https:\/\/muralfestival.com\/fr\/wp-json\/wp\/v2\/pages"}],"about":[{"href":"https:\/\/muralfestival.com\/fr\/wp-json\/wp\/v2\/types\/page"}],"author":[{"embeddable":true,"href":"https:\/\/muralfestival.com\/fr\/wp-json\/wp\/v2\/users\/2"}],"replies":[{"embeddable":true,"href":"https:\/\/muralfestival.com\/fr\/wp-json\/wp\/v2\/comments?post=4847"}],"version-history":[{"count":16,"href":"https:\/\/muralfestival.com\/fr\/wp-json\/wp\/v2\/pages\/4847\/revisions"}],"predecessor-version":[{"id":4971,"href":"https:\/\/muralfestival.com\/fr\/wp-json\/wp\/v2\/pages\/4847\/revisions\/4971"}],"wp:attachment":[{"href":"https:\/\/muralfestival.com\/fr\/wp-json\/wp\/v2\/media?parent=4847"}],"curies":[{"name":"wp","href":"https:\/\/api.w.org\/{rel}","templated":true}]}}